{"id":2226,"date":"2023-02-18T13:54:13","date_gmt":"2023-02-18T13:54:13","guid":{"rendered":"https:\/\/viapia.com.tr\/?page_id=2226"},"modified":"2023-02-25T08:53:14","modified_gmt":"2023-02-25T08:53:14","slug":"hizmet-verdigimiz-sektorler","status":"publish","type":"page","link":"https:\/\/viapia.com.tr\/en\/hizmet-verdigimiz-sektorler\/","title":{"rendered":"Industries We Serve"},"content":{"rendered":"\t\t<div data-elementor-type=\"wp-page\" data-elementor-id=\"2226\" class=\"elementor elementor-2226\">\n\t\t\t\t\t\t<section class=\"elementor-section elementor-top-section elementor-element elementor-element-d7c96a4 elementor-section-stretched elementor-section-boxed elementor-section-height-default elementor-section-height-default\" data-id=\"d7c96a4\" data-element_type=\"section\" data-settings=\"{&quot;stretch_section&quot;:&quot;section-stretched&quot;,&quot;background_background&quot;:&quot;slideshow&quot;,&quot;background_slideshow_gallery&quot;:[{&quot;id&quot;:2328,&quot;url&quot;:&quot;https:\\\/\\\/viapia.com.tr\\\/wp-content\\\/uploads\\\/2023\\\/02\\\/SEFINE-ARCTIC.jpg&quot;},{&quot;id&quot;:2349,&quot;url&quot;:&quot;https:\\\/\\\/viapia.com.tr\\\/wp-content\\\/uploads\\\/2023\\\/02\\\/bmcvuran.jpg&quot;},{&quot;id&quot;:2369,&quot;url&quot;:&quot;https:\\\/\\\/viapia.com.tr\\\/wp-content\\\/uploads\\\/2023\\\/02\\\/taisatellite.jpg&quot;},{&quot;id&quot;:2453,&quot;url&quot;:&quot;https:\\\/\\\/viapia.com.tr\\\/wp-content\\\/uploads\\\/2023\\\/02\\\/silah.jpg&quot;}],&quot;background_slideshow_slide_duration&quot;:1300,&quot;background_slideshow_loop&quot;:&quot;yes&quot;,&quot;background_slideshow_slide_transition&quot;:&quot;fade&quot;,&quot;background_slideshow_transition_duration&quot;:500}\">\n\t\t\t\t\t\t\t<div class=\"elementor-background-overlay\"><\/div>\n\t\t\t\t\t\t\t<div class=\"elementor-container elementor-column-gap-wide\">\n\t\t\t\t\t<div class=\"elementor-column elementor-col-100 elementor-top-column elementor-element elementor-element-051b334\" data-id=\"051b334\" data-element_type=\"column\">\n\t\t\t<div class=\"elementor-widget-wrap elementor-element-populated\">\n\t\t\t\t\t\t<section class=\"elementor-section elementor-inner-section elementor-element elementor-element-0336d1a elementor-section-boxed elementor-section-height-default elementor-section-height-default\" data-id=\"0336d1a\" data-element_type=\"section\">\n\t\t\t\t\t\t<div class=\"elementor-container elementor-column-gap-default\">\n\t\t\t\t\t<div class=\"elementor-column elementor-col-100 elementor-inner-column elementor-element elementor-element-0f636b5\" data-id=\"0f636b5\" data-element_type=\"column\">\n\t\t\t<div class=\"elementor-widget-wrap elementor-element-populated\">\n\t\t\t\t\t\t<div class=\"elementor-element elementor-element-cb88e8c elementor-widget elementor-widget-text-editor\" data-id=\"cb88e8c\" data-element_type=\"widget\" data-widget_type=\"text-editor.default\">\n\t\t\t\t<div class=\"elementor-widget-container\">\n\t\t\t<style>\/*! elementor - v3.22.0 - 26-06-2024 *\/\n.elementor-widget-text-editor.elementor-drop-cap-view-stacked .elementor-drop-cap{background-color:#69727d;color:#fff}.elementor-widget-text-editor.elementor-drop-cap-view-framed .elementor-drop-cap{color:#69727d;border:3px solid;background-color:transparent}.elementor-widget-text-editor:not(.elementor-drop-cap-view-default) .elementor-drop-cap{margin-top:8px}.elementor-widget-text-editor:not(.elementor-drop-cap-view-default) .elementor-drop-cap-letter{width:1em;height:1em}.elementor-widget-text-editor .elementor-drop-cap{float:left;text-align:center;line-height:1;font-size:50px}.elementor-widget-text-editor .elementor-drop-cap-letter{display:inline-block}<\/style>\t\t\t\t<h1><span style=\"color: #ffffff;\">Hizmet Verdi\u011fimiz Sekt\u00f6rler<\/span><\/h1>\t\t\t\t\t\t<\/div>\n\t\t\t\t<\/div>\n\t\t\t\t\t<\/div>\n\t\t<\/div>\n\t\t\t\t\t<\/div>\n\t\t<\/section>\n\t\t\t\t<div class=\"elementor-element elementor-element-1634e06 elementor-align-center elementor-widget elementor-widget-button\" data-id=\"1634e06\" data-element_type=\"widget\" data-widget_type=\"button.default\">\n\t\t\t\t<div class=\"elementor-widget-container\">\n\t\t\t\t\t<div class=\"elementor-button-wrapper\">\n\t\t\t<a class=\"elementor-button elementor-button-link elementor-size-sm\" href=\"https:\/\/viapia.com.tr\/portfoyumuz\/\">\n\t\t\t\t\t\t<span class=\"elementor-button-content-wrapper\">\n\t\t\t\t\t\t\t\t\t<span class=\"elementor-button-text\">Portf\u00f6y\u00fcm\u00fcz<\/span>\n\t\t\t\t\t<\/span>\n\t\t\t\t\t<\/a>\n\t\t<\/div>\n\t\t\t\t<\/div>\n\t\t\t\t<\/div>\n\t\t\t\t\t<\/div>\n\t\t<\/div>\n\t\t\t\t\t<\/div>\n\t\t<\/section>\n\t\t\t\t<section class=\"elementor-section elementor-top-section elementor-element elementor-element-9e7cb14 elementor-section-stretched elementor-section-boxed elementor-section-height-default elementor-section-height-default\" data-id=\"9e7cb14\" data-element_type=\"section\" data-settings=\"{&quot;stretch_section&quot;:&quot;section-stretched&quot;}\">\n\t\t\t\t\t\t<div class=\"elementor-container elementor-column-gap-wider\">\n\t\t\t\t\t<div class=\"elementor-column elementor-col-100 elementor-top-column elementor-element elementor-element-8f745fd\" data-id=\"8f745fd\" data-element_type=\"column\">\n\t\t\t<div class=\"elementor-widget-wrap elementor-element-populated\">\n\t\t\t\t\t\t<section class=\"elementor-section elementor-inner-section elementor-element elementor-element-b004514 elementor-section-content-middle elementor-section-boxed elementor-section-height-default elementor-section-height-default\" data-id=\"b004514\" data-element_type=\"section\">\n\t\t\t\t\t\t<div class=\"elementor-container elementor-column-gap-wider\">\n\t\t\t\t\t<div class=\"elementor-column elementor-col-50 elementor-inner-column elementor-element elementor-element-ff6ae22\" data-id=\"ff6ae22\" data-element_type=\"column\">\n\t\t\t<div class=\"elementor-widget-wrap elementor-element-populated\">\n\t\t\t\t\t\t<div class=\"elementor-element elementor-element-47dc21c elementor-widget elementor-widget-image\" data-id=\"47dc21c\" data-element_type=\"widget\" data-widget_type=\"image.default\">\n\t\t\t\t<div class=\"elementor-widget-container\">\n\t\t\t<style>\/*! elementor - v3.22.0 - 26-06-2024 *\/\n.elementor-widget-image{text-align:center}.elementor-widget-image a{display:inline-block}.elementor-widget-image a img[src$=\".svg\"]{width:48px}.elementor-widget-image img{vertical-align:middle;display:inline-block}<\/style>\t\t\t\t\t\t\t\t\t\t\t<a href=\"https:\/\/viapia.com.tr\/portfolio-types\/savunma-sanayi\/\">\n\t\t\t\t\t\t\t<img fetchpriority=\"high\" decoding=\"async\" width=\"996\" height=\"747\" src=\"https:\/\/viapia.com.tr\/wp-content\/uploads\/2023\/02\/havacilik.jpg\" class=\"attachment-large size-large wp-image-2427\" alt=\"\" srcset=\"https:\/\/viapia.com.tr\/wp-content\/uploads\/2023\/02\/havacilik.jpg 996w, https:\/\/viapia.com.tr\/wp-content\/uploads\/2023\/02\/havacilik-300x225.jpg 300w, https:\/\/viapia.com.tr\/wp-content\/uploads\/2023\/02\/havacilik-768x576.jpg 768w, https:\/\/viapia.com.tr\/wp-content\/uploads\/2023\/02\/havacilik-16x12.jpg 16w, https:\/\/viapia.com.tr\/wp-content\/uploads\/2023\/02\/havacilik-195x146.jpg 195w, https:\/\/viapia.com.tr\/wp-content\/uploads\/2023\/02\/havacilik-50x38.jpg 50w, https:\/\/viapia.com.tr\/wp-content\/uploads\/2023\/02\/havacilik-100x75.jpg 100w\" sizes=\"(max-width: 996px) 100vw, 996px\" \/>\t\t\t\t\t\t\t\t<\/a>\n\t\t\t\t\t\t\t\t\t\t\t\t\t<\/div>\n\t\t\t\t<\/div>\n\t\t\t\t<div class=\"elementor-element elementor-element-2c42b36 elementor-widget elementor-widget-text-editor\" data-id=\"2c42b36\" data-element_type=\"widget\" data-widget_type=\"text-editor.default\">\n\t\t\t\t<div class=\"elementor-widget-container\">\n\t\t\t\t\t\t\t<h4 class=\"themecolor\"><span style=\"color: #e76809;\"><a style=\"color: #e76809;\" href=\"https:\/\/viapia.com.tr\/portfolio-types\/savunma-sanayi\/\" data-wplink-edit=\"true\">Savunma Sanayi<\/a><\/span><\/h4>\t\t\t\t\t\t<\/div>\n\t\t\t\t<\/div>\n\t\t\t\t\t<\/div>\n\t\t<\/div>\n\t\t\t\t<div class=\"elementor-column elementor-col-50 elementor-inner-column elementor-element elementor-element-59c1f8c\" data-id=\"59c1f8c\" data-element_type=\"column\">\n\t\t\t<div class=\"elementor-widget-wrap elementor-element-populated\">\n\t\t\t\t\t\t<div class=\"elementor-element elementor-element-09bb5b3 elementor-widget elementor-widget-image\" data-id=\"09bb5b3\" data-element_type=\"widget\" data-widget_type=\"image.default\">\n\t\t\t\t<div class=\"elementor-widget-container\">\n\t\t\t\t\t\t\t\t\t\t\t\t\t\t<a href=\"https:\/\/viapia.com.tr\/portfolio-types\/uzay-ve-havacilik\/\">\n\t\t\t\t\t\t\t<img decoding=\"async\" width=\"1024\" height=\"768\" src=\"https:\/\/viapia.com.tr\/wp-content\/uploads\/2023\/02\/havacilik-1-1024x768.jpg\" class=\"attachment-large size-large wp-image-2429\" alt=\"\" srcset=\"https:\/\/viapia.com.tr\/wp-content\/uploads\/2023\/02\/havacilik-1-1024x768.jpg 1024w, https:\/\/viapia.com.tr\/wp-content\/uploads\/2023\/02\/havacilik-1-300x225.jpg 300w, https:\/\/viapia.com.tr\/wp-content\/uploads\/2023\/02\/havacilik-1-768x576.jpg 768w, https:\/\/viapia.com.tr\/wp-content\/uploads\/2023\/02\/havacilik-1-16x12.jpg 16w, https:\/\/viapia.com.tr\/wp-content\/uploads\/2023\/02\/havacilik-1-195x146.jpg 195w, https:\/\/viapia.com.tr\/wp-content\/uploads\/2023\/02\/havacilik-1-50x37.jpg 50w, https:\/\/viapia.com.tr\/wp-content\/uploads\/2023\/02\/havacilik-1-100x75.jpg 100w, https:\/\/viapia.com.tr\/wp-content\/uploads\/2023\/02\/havacilik-1.jpg 1083w\" sizes=\"(max-width: 1024px) 100vw, 1024px\" \/>\t\t\t\t\t\t\t\t<\/a>\n\t\t\t\t\t\t\t\t\t\t\t\t\t<\/div>\n\t\t\t\t<\/div>\n\t\t\t\t<div class=\"elementor-element elementor-element-48967a1 elementor-widget elementor-widget-text-editor\" data-id=\"48967a1\" data-element_type=\"widget\" data-widget_type=\"text-editor.default\">\n\t\t\t\t<div class=\"elementor-widget-container\">\n\t\t\t\t\t\t\t<h4 class=\"themecolor\"><span style=\"color: #e76809;\"><a style=\"color: #e76809;\" href=\"https:\/\/viapia.com.tr\/portfolio-types\/uzay-ve-havacilik\/\" data-wplink-edit=\"true\">Uzay ve Havac\u0131l\u0131k<\/a><\/span><\/h4>\t\t\t\t\t\t<\/div>\n\t\t\t\t<\/div>\n\t\t\t\t\t<\/div>\n\t\t<\/div>\n\t\t\t\t\t<\/div>\n\t\t<\/section>\n\t\t\t\t<section class=\"elementor-section elementor-inner-section elementor-element elementor-element-08ae801 elementor-section-content-middle elementor-section-boxed elementor-section-height-default elementor-section-height-default\" data-id=\"08ae801\" data-element_type=\"section\">\n\t\t\t\t\t\t<div class=\"elementor-container elementor-column-gap-wider\">\n\t\t\t\t\t<div class=\"elementor-column elementor-col-50 elementor-inner-column elementor-element elementor-element-c63fb8e\" data-id=\"c63fb8e\" data-element_type=\"column\">\n\t\t\t<div class=\"elementor-widget-wrap elementor-element-populated\">\n\t\t\t\t\t\t<div class=\"elementor-element elementor-element-68cd249 elementor-widget elementor-widget-image\" data-id=\"68cd249\" data-element_type=\"widget\" data-widget_type=\"image.default\">\n\t\t\t\t<div class=\"elementor-widget-container\">\n\t\t\t\t\t\t\t\t\t\t\t\t\t\t<a href=\"https:\/\/viapia.com.tr\/portfolio-types\/denizcilik\/\">\n\t\t\t\t\t\t\t<img decoding=\"async\" width=\"838\" height=\"628\" src=\"https:\/\/viapia.com.tr\/wp-content\/uploads\/2023\/02\/denizcilik.jpg\" class=\"attachment-large size-large wp-image-2232\" alt=\"\" srcset=\"https:\/\/viapia.com.tr\/wp-content\/uploads\/2023\/02\/denizcilik.jpg 838w, https:\/\/viapia.com.tr\/wp-content\/uploads\/2023\/02\/denizcilik-300x225.jpg 300w, https:\/\/viapia.com.tr\/wp-content\/uploads\/2023\/02\/denizcilik-768x576.jpg 768w, https:\/\/viapia.com.tr\/wp-content\/uploads\/2023\/02\/denizcilik-16x12.jpg 16w, https:\/\/viapia.com.tr\/wp-content\/uploads\/2023\/02\/denizcilik-195x146.jpg 195w, https:\/\/viapia.com.tr\/wp-content\/uploads\/2023\/02\/denizcilik-50x37.jpg 50w, https:\/\/viapia.com.tr\/wp-content\/uploads\/2023\/02\/denizcilik-100x75.jpg 100w\" sizes=\"(max-width: 838px) 100vw, 838px\" \/>\t\t\t\t\t\t\t\t<\/a>\n\t\t\t\t\t\t\t\t\t\t\t\t\t<\/div>\n\t\t\t\t<\/div>\n\t\t\t\t<div class=\"elementor-element elementor-element-b9b0c42 elementor-widget elementor-widget-text-editor\" data-id=\"b9b0c42\" data-element_type=\"widget\" data-widget_type=\"text-editor.default\">\n\t\t\t\t<div class=\"elementor-widget-container\">\n\t\t\t\t\t\t\t<h4 class=\"themecolor\"><span style=\"color: #e76809;\"><a style=\"color: #e76809;\" href=\"https:\/\/viapia.com.tr\/portfolio-types\/denizcilik\/\" data-wplink-edit=\"true\">Denizcilik<\/a><\/span><\/h4>\t\t\t\t\t\t<\/div>\n\t\t\t\t<\/div>\n\t\t\t\t\t<\/div>\n\t\t<\/div>\n\t\t\t\t<div class=\"elementor-column elementor-col-50 elementor-inner-column elementor-element elementor-element-2e07b0d\" data-id=\"2e07b0d\" data-element_type=\"column\">\n\t\t\t<div class=\"elementor-widget-wrap elementor-element-populated\">\n\t\t\t\t\t\t<div class=\"elementor-element elementor-element-d911ac2 elementor-widget elementor-widget-image\" data-id=\"d911ac2\" data-element_type=\"widget\" data-widget_type=\"image.default\">\n\t\t\t\t<div class=\"elementor-widget-container\">\n\t\t\t\t\t\t\t\t\t\t\t\t\t\t<a href=\"https:\/\/viapia.com.tr\/portfolio-types\/imalat\/\">\n\t\t\t\t\t\t\t<img loading=\"lazy\" decoding=\"async\" width=\"1024\" height=\"768\" src=\"https:\/\/viapia.com.tr\/wp-content\/uploads\/2023\/02\/imalat-1-1024x768.jpg\" class=\"attachment-large size-large wp-image-2436\" alt=\"\" srcset=\"https:\/\/viapia.com.tr\/wp-content\/uploads\/2023\/02\/imalat-1-1024x768.jpg 1024w, https:\/\/viapia.com.tr\/wp-content\/uploads\/2023\/02\/imalat-1-300x225.jpg 300w, https:\/\/viapia.com.tr\/wp-content\/uploads\/2023\/02\/imalat-1-768x576.jpg 768w, https:\/\/viapia.com.tr\/wp-content\/uploads\/2023\/02\/imalat-1-1536x1152.jpg 1536w, https:\/\/viapia.com.tr\/wp-content\/uploads\/2023\/02\/imalat-1-16x12.jpg 16w, https:\/\/viapia.com.tr\/wp-content\/uploads\/2023\/02\/imalat-1-195x146.jpg 195w, https:\/\/viapia.com.tr\/wp-content\/uploads\/2023\/02\/imalat-1-50x38.jpg 50w, https:\/\/viapia.com.tr\/wp-content\/uploads\/2023\/02\/imalat-1-100x75.jpg 100w, https:\/\/viapia.com.tr\/wp-content\/uploads\/2023\/02\/imalat-1.jpg 1600w\" sizes=\"(max-width: 1024px) 100vw, 1024px\" \/>\t\t\t\t\t\t\t\t<\/a>\n\t\t\t\t\t\t\t\t\t\t\t\t\t<\/div>\n\t\t\t\t<\/div>\n\t\t\t\t<div class=\"elementor-element elementor-element-d3e596c elementor-widget elementor-widget-text-editor\" data-id=\"d3e596c\" data-element_type=\"widget\" data-widget_type=\"text-editor.default\">\n\t\t\t\t<div class=\"elementor-widget-container\">\n\t\t\t\t\t\t\t<h4 class=\"themecolor\"><span style=\"color: #e76809;\"><a style=\"color: #e76809;\" href=\"https:\/\/viapia.com.tr\/portfolio-types\/imalat\/\" data-wplink-edit=\"true\">\u0130malat<\/a><\/span><\/h4>\t\t\t\t\t\t<\/div>\n\t\t\t\t<\/div>\n\t\t\t\t\t<\/div>\n\t\t<\/div>\n\t\t\t\t\t<\/div>\n\t\t<\/section>\n\t\t\t\t\t<\/div>\n\t\t<\/div>\n\t\t\t\t\t<\/div>\n\t\t<\/section>\n\t\t\t\t<\/div>\n\t\t","protected":false},"excerpt":{"rendered":"<p>Hizmet Verdi\u011fimiz Sekt\u00f6rler Portf\u00f6y\u00fcm\u00fcz Savunma Sanayi Uzay ve Havac\u0131l\u0131k Denizcilik \u0130malat<\/p>","protected":false},"author":1,"featured_media":0,"parent":0,"menu_order":0,"comment_status":"open","ping_status":"closed","template":"","meta":{"footnotes":""},"class_list":["post-2226","page","type-page","status-publish","hentry"],"yoast_head":"<!-- This site is optimized with the Yoast SEO plugin v27.4 - https:\/\/yoast.com\/product\/yoast-seo-wordpress\/ -->\n<title>Hizmet Verdi\u011fimiz Sekt\u00f6rler - ViaPia<\/title>\n<meta name=\"robots\" content=\"index, follow, max-snippet:-1, max-image-preview:large, max-video-preview:-1\" \/>\n<link rel=\"canonical\" href=\"https:\/\/viapia.com.tr\/en\/hizmet-verdigimiz-sektorler\/\" \/>\n<meta property=\"og:locale\" content=\"en_US\" \/>\n<meta property=\"og:type\" content=\"article\" \/>\n<meta property=\"og:title\" content=\"Hizmet Verdi\u011fimiz Sekt\u00f6rler - ViaPia\" \/>\n<meta property=\"og:description\" content=\"Hizmet Verdi\u011fimiz Sekt\u00f6rler Portf\u00f6y\u00fcm\u00fcz Savunma Sanayi Uzay ve Havac\u0131l\u0131k Denizcilik \u0130malat\" \/>\n<meta property=\"og:url\" content=\"https:\/\/viapia.com.tr\/en\/hizmet-verdigimiz-sektorler\/\" \/>\n<meta property=\"og:site_name\" content=\"ViaPia\" \/>\n<meta property=\"article:publisher\" content=\"https:\/\/tr-tr.facebook.com\/ViaPia3d\/\" \/>\n<meta property=\"article:modified_time\" content=\"2023-02-25T08:53:14+00:00\" \/>\n<meta property=\"og:image\" content=\"https:\/\/viapia.com.tr\/wp-content\/uploads\/2023\/02\/havacilik.jpg\" \/>\n<meta name=\"twitter:card\" content=\"summary_large_image\" \/>\n<meta name=\"twitter:label1\" content=\"Est. reading time\" \/>\n\t<meta name=\"twitter:data1\" content=\"1 minute\" \/>\n<script type=\"application\/ld+json\" class=\"yoast-schema-graph\">{\"@context\":\"https:\\\/\\\/schema.org\",\"@graph\":[{\"@type\":\"WebPage\",\"@id\":\"https:\\\/\\\/viapia.com.tr\\\/hizmet-verdigimiz-sektorler\\\/\",\"url\":\"https:\\\/\\\/viapia.com.tr\\\/hizmet-verdigimiz-sektorler\\\/\",\"name\":\"Hizmet Verdi\u011fimiz Sekt\u00f6rler - ViaPia\",\"isPartOf\":{\"@id\":\"https:\\\/\\\/viapia.com.tr\\\/#website\"},\"primaryImageOfPage\":{\"@id\":\"https:\\\/\\\/viapia.com.tr\\\/hizmet-verdigimiz-sektorler\\\/#primaryimage\"},\"image\":{\"@id\":\"https:\\\/\\\/viapia.com.tr\\\/hizmet-verdigimiz-sektorler\\\/#primaryimage\"},\"thumbnailUrl\":\"https:\\\/\\\/viapia.com.tr\\\/wp-content\\\/uploads\\\/2023\\\/02\\\/havacilik.jpg\",\"datePublished\":\"2023-02-18T13:54:13+00:00\",\"dateModified\":\"2023-02-25T08:53:14+00:00\",\"breadcrumb\":{\"@id\":\"https:\\\/\\\/viapia.com.tr\\\/hizmet-verdigimiz-sektorler\\\/#breadcrumb\"},\"inLanguage\":\"en-US\",\"potentialAction\":[{\"@type\":\"ReadAction\",\"target\":[\"https:\\\/\\\/viapia.com.tr\\\/hizmet-verdigimiz-sektorler\\\/\"]}]},{\"@type\":\"ImageObject\",\"inLanguage\":\"en-US\",\"@id\":\"https:\\\/\\\/viapia.com.tr\\\/hizmet-verdigimiz-sektorler\\\/#primaryimage\",\"url\":\"https:\\\/\\\/viapia.com.tr\\\/wp-content\\\/uploads\\\/2023\\\/02\\\/havacilik.jpg\",\"contentUrl\":\"https:\\\/\\\/viapia.com.tr\\\/wp-content\\\/uploads\\\/2023\\\/02\\\/havacilik.jpg\"},{\"@type\":\"BreadcrumbList\",\"@id\":\"https:\\\/\\\/viapia.com.tr\\\/hizmet-verdigimiz-sektorler\\\/#breadcrumb\",\"itemListElement\":[{\"@type\":\"ListItem\",\"position\":1,\"name\":\"Home\",\"item\":\"https:\\\/\\\/viapia.com.tr\\\/\"},{\"@type\":\"ListItem\",\"position\":2,\"name\":\"Hizmet Verdi\u011fimiz Sekt\u00f6rler\"}]},{\"@type\":\"WebSite\",\"@id\":\"https:\\\/\\\/viapia.com.tr\\\/#website\",\"url\":\"https:\\\/\\\/viapia.com.tr\\\/\",\"name\":\"ViaPia\",\"description\":\"\",\"publisher\":{\"@id\":\"https:\\\/\\\/viapia.com.tr\\\/#organization\"},\"potentialAction\":[{\"@type\":\"SearchAction\",\"target\":{\"@type\":\"EntryPoint\",\"urlTemplate\":\"https:\\\/\\\/viapia.com.tr\\\/?s={search_term_string}\"},\"query-input\":{\"@type\":\"PropertyValueSpecification\",\"valueRequired\":true,\"valueName\":\"search_term_string\"}}],\"inLanguage\":\"en-US\"},{\"@type\":\"Organization\",\"@id\":\"https:\\\/\\\/viapia.com.tr\\\/#organization\",\"name\":\"ViaPia\",\"url\":\"https:\\\/\\\/viapia.com.tr\\\/\",\"logo\":{\"@type\":\"ImageObject\",\"inLanguage\":\"en-US\",\"@id\":\"https:\\\/\\\/viapia.com.tr\\\/#\\\/schema\\\/logo\\\/image\\\/\",\"url\":\"https:\\\/\\\/viapia.com.tr\\\/wp-content\\\/uploads\\\/2023\\\/02\\\/viapia.png\",\"contentUrl\":\"https:\\\/\\\/viapia.com.tr\\\/wp-content\\\/uploads\\\/2023\\\/02\\\/viapia.png\",\"width\":1917,\"height\":1107,\"caption\":\"ViaPia\"},\"image\":{\"@id\":\"https:\\\/\\\/viapia.com.tr\\\/#\\\/schema\\\/logo\\\/image\\\/\"},\"sameAs\":[\"https:\\\/\\\/tr-tr.facebook.com\\\/ViaPia3d\\\/\",\"https:\\\/\\\/www.instagram.com\\\/viapia3dmaket\\\/\"]}]}<\/script>\n<!-- \/ Yoast SEO plugin. -->","yoast_head_json":{"title":"Hizmet Verdi\u011fimiz Sekt\u00f6rler - ViaPia","robots":{"index":"index","follow":"follow","max-snippet":"max-snippet:-1","max-image-preview":"max-image-preview:large","max-video-preview":"max-video-preview:-1"},"canonical":"https:\/\/viapia.com.tr\/en\/hizmet-verdigimiz-sektorler\/","og_locale":"en_US","og_type":"article","og_title":"Hizmet Verdi\u011fimiz Sekt\u00f6rler - ViaPia","og_description":"Hizmet Verdi\u011fimiz Sekt\u00f6rler Portf\u00f6y\u00fcm\u00fcz Savunma Sanayi Uzay ve Havac\u0131l\u0131k Denizcilik \u0130malat","og_url":"https:\/\/viapia.com.tr\/en\/hizmet-verdigimiz-sektorler\/","og_site_name":"ViaPia","article_publisher":"https:\/\/tr-tr.facebook.com\/ViaPia3d\/","article_modified_time":"2023-02-25T08:53:14+00:00","og_image":[{"url":"https:\/\/viapia.com.tr\/wp-content\/uploads\/2023\/02\/havacilik.jpg","type":"","width":"","height":""}],"twitter_card":"summary_large_image","twitter_misc":{"Est. reading time":"1 minute"},"schema":{"@context":"https:\/\/schema.org","@graph":[{"@type":"WebPage","@id":"https:\/\/viapia.com.tr\/hizmet-verdigimiz-sektorler\/","url":"https:\/\/viapia.com.tr\/hizmet-verdigimiz-sektorler\/","name":"Hizmet Verdi\u011fimiz Sekt\u00f6rler - ViaPia","isPartOf":{"@id":"https:\/\/viapia.com.tr\/#website"},"primaryImageOfPage":{"@id":"https:\/\/viapia.com.tr\/hizmet-verdigimiz-sektorler\/#primaryimage"},"image":{"@id":"https:\/\/viapia.com.tr\/hizmet-verdigimiz-sektorler\/#primaryimage"},"thumbnailUrl":"https:\/\/viapia.com.tr\/wp-content\/uploads\/2023\/02\/havacilik.jpg","datePublished":"2023-02-18T13:54:13+00:00","dateModified":"2023-02-25T08:53:14+00:00","breadcrumb":{"@id":"https:\/\/viapia.com.tr\/hizmet-verdigimiz-sektorler\/#breadcrumb"},"inLanguage":"en-US","potentialAction":[{"@type":"ReadAction","target":["https:\/\/viapia.com.tr\/hizmet-verdigimiz-sektorler\/"]}]},{"@type":"ImageObject","inLanguage":"en-US","@id":"https:\/\/viapia.com.tr\/hizmet-verdigimiz-sektorler\/#primaryimage","url":"https:\/\/viapia.com.tr\/wp-content\/uploads\/2023\/02\/havacilik.jpg","contentUrl":"https:\/\/viapia.com.tr\/wp-content\/uploads\/2023\/02\/havacilik.jpg"},{"@type":"BreadcrumbList","@id":"https:\/\/viapia.com.tr\/hizmet-verdigimiz-sektorler\/#breadcrumb","itemListElement":[{"@type":"ListItem","position":1,"name":"Home","item":"https:\/\/viapia.com.tr\/"},{"@type":"ListItem","position":2,"name":"Hizmet Verdi\u011fimiz Sekt\u00f6rler"}]},{"@type":"WebSite","@id":"https:\/\/viapia.com.tr\/#website","url":"https:\/\/viapia.com.tr\/","name":"ViaPia","description":"","publisher":{"@id":"https:\/\/viapia.com.tr\/#organization"},"potentialAction":[{"@type":"SearchAction","target":{"@type":"EntryPoint","urlTemplate":"https:\/\/viapia.com.tr\/?s={search_term_string}"},"query-input":{"@type":"PropertyValueSpecification","valueRequired":true,"valueName":"search_term_string"}}],"inLanguage":"en-US"},{"@type":"Organization","@id":"https:\/\/viapia.com.tr\/#organization","name":"ViaPia","url":"https:\/\/viapia.com.tr\/","logo":{"@type":"ImageObject","inLanguage":"en-US","@id":"https:\/\/viapia.com.tr\/#\/schema\/logo\/image\/","url":"https:\/\/viapia.com.tr\/wp-content\/uploads\/2023\/02\/viapia.png","contentUrl":"https:\/\/viapia.com.tr\/wp-content\/uploads\/2023\/02\/viapia.png","width":1917,"height":1107,"caption":"ViaPia"},"image":{"@id":"https:\/\/viapia.com.tr\/#\/schema\/logo\/image\/"},"sameAs":["https:\/\/tr-tr.facebook.com\/ViaPia3d\/","https:\/\/www.instagram.com\/viapia3dmaket\/"]}]}},"_links":{"self":[{"href":"https:\/\/viapia.com.tr\/en\/wp-json\/wp\/v2\/pages\/2226","targetHints":{"allow":["GET"]}}],"collection":[{"href":"https:\/\/viapia.com.tr\/en\/wp-json\/wp\/v2\/pages"}],"about":[{"href":"https:\/\/viapia.com.tr\/en\/wp-json\/wp\/v2\/types\/page"}],"author":[{"embeddable":true,"href":"https:\/\/viapia.com.tr\/en\/wp-json\/wp\/v2\/users\/1"}],"replies":[{"embeddable":true,"href":"https:\/\/viapia.com.tr\/en\/wp-json\/wp\/v2\/comments?post=2226"}],"version-history":[{"count":10,"href":"https:\/\/viapia.com.tr\/en\/wp-json\/wp\/v2\/pages\/2226\/revisions"}],"predecessor-version":[{"id":3165,"href":"https:\/\/viapia.com.tr\/en\/wp-json\/wp\/v2\/pages\/2226\/revisions\/3165"}],"wp:attachment":[{"href":"https:\/\/viapia.com.tr\/en\/wp-json\/wp\/v2\/media?parent=2226"}],"curies":[{"name":"wp","href":"https:\/\/api.w.org\/{rel}","templated":true}]}}