{"id":2295,"date":"2023-02-20T14:46:08","date_gmt":"2023-02-20T14:46:08","guid":{"rendered":"https:\/\/viapia.com.tr\/?page_id=2295"},"modified":"2023-09-23T16:12:20","modified_gmt":"2023-09-23T16:12:20","slug":"katalog","status":"publish","type":"page","link":"https:\/\/viapia.com.tr\/en\/katalog\/","title":{"rendered":"Download Catalog"},"content":{"rendered":"\t\t<div data-elementor-type=\"wp-page\" data-elementor-id=\"2295\" class=\"elementor elementor-2295\">\n\t\t\t\t\t\t<section class=\"elementor-section elementor-top-section elementor-element elementor-element-4a6e5e8 elementor-section-full_width elementor-section-content-middle elementor-section-stretched elementor-section-height-default elementor-section-height-default\" data-id=\"4a6e5e8\" data-element_type=\"section\" data-settings=\"{&quot;stretch_section&quot;:&quot;section-stretched&quot;}\">\n\t\t\t\t\t\t<div class=\"elementor-container elementor-column-gap-no\">\n\t\t\t\t\t<div class=\"elementor-column elementor-col-50 elementor-top-column elementor-element elementor-element-1431c7f\" data-id=\"1431c7f\" data-element_type=\"column\" data-settings=\"{&quot;background_background&quot;:&quot;classic&quot;}\">\n\t\t\t<div class=\"elementor-widget-wrap elementor-element-populated\">\n\t\t\t\t\t\t<div class=\"elementor-element elementor-element-9ca094b elementor-widget elementor-widget-heading\" data-id=\"9ca094b\" data-element_type=\"widget\" data-widget_type=\"heading.default\">\n\t\t\t\t<div class=\"elementor-widget-container\">\n\t\t\t<style>\/*! elementor - v3.22.0 - 26-06-2024 *\/\n.elementor-heading-title{padding:0;margin:0;line-height:1}.elementor-widget-heading .elementor-heading-title[class*=elementor-size-]>a{color:inherit;font-size:inherit;line-height:inherit}.elementor-widget-heading .elementor-heading-title.elementor-size-small{font-size:15px}.elementor-widget-heading .elementor-heading-title.elementor-size-medium{font-size:19px}.elementor-widget-heading .elementor-heading-title.elementor-size-large{font-size:29px}.elementor-widget-heading .elementor-heading-title.elementor-size-xl{font-size:39px}.elementor-widget-heading .elementor-heading-title.elementor-size-xxl{font-size:59px}<\/style><h3 class=\"elementor-heading-title elementor-size-default\">ViaPia Katalog \u0130stek Formu<\/h3>\t\t<\/div>\n\t\t\t\t<\/div>\n\t\t\t\t<div class=\"elementor-element elementor-element-fbfe6b1 elementor-widget elementor-widget-text-editor\" data-id=\"fbfe6b1\" data-element_type=\"widget\" data-widget_type=\"text-editor.default\">\n\t\t\t\t<div class=\"elementor-widget-container\">\n\t\t\t<style>\/*! elementor - v3.22.0 - 26-06-2024 *\/\n.elementor-widget-text-editor.elementor-drop-cap-view-stacked .elementor-drop-cap{background-color:#69727d;color:#fff}.elementor-widget-text-editor.elementor-drop-cap-view-framed .elementor-drop-cap{color:#69727d;border:3px solid;background-color:transparent}.elementor-widget-text-editor:not(.elementor-drop-cap-view-default) .elementor-drop-cap{margin-top:8px}.elementor-widget-text-editor:not(.elementor-drop-cap-view-default) .elementor-drop-cap-letter{width:1em;height:1em}.elementor-widget-text-editor .elementor-drop-cap{float:left;text-align:center;line-height:1;font-size:50px}.elementor-widget-text-editor .elementor-drop-cap-letter{display:inline-block}<\/style>\t\t\t\t<p style=\"text-align: center;\">A\u015fa\u011f\u0131daki formdaki bilgileri l\u00fctfen do\u011fru doldurdu\u011funuzdan emin olunuz.&nbsp;<\/p><p style=\"text-align: center;\">Katalog, yazm\u0131\u015f oldu\u011funuz e-posta adresine g\u00f6nderilecektir.<\/p>\t\t\t\t\t\t<\/div>\n\t\t\t\t<\/div>\n\t\t\t\t<div class=\"elementor-element elementor-element-1a8b6db elementor-widget elementor-widget-text-editor\" data-id=\"1a8b6db\" data-element_type=\"widget\" data-widget_type=\"text-editor.default\">\n\t\t\t\t<div class=\"elementor-widget-container\">\n\t\t\t\t\t\t\t<p>\n<div class=\"wpcf7 no-js\" id=\"wpcf7-f2298-o1\" lang=\"en-US\" dir=\"ltr\" data-wpcf7-id=\"2298\">\n<div class=\"screen-reader-response\"><p role=\"status\" aria-live=\"polite\" aria-atomic=\"true\"><\/p> <ul><\/ul><\/div>\n<form action=\"\/en\/wp-json\/wp\/v2\/pages\/2295#wpcf7-f2298-o1\" method=\"post\" class=\"wpcf7-form init\" aria-label=\"Contact form\" novalidate=\"novalidate\" data-status=\"init\">\n<fieldset class=\"hidden-fields-container\"><input type=\"hidden\" name=\"_wpcf7\" value=\"2298\" \/><input type=\"hidden\" name=\"_wpcf7_version\" value=\"6.1.5\" \/><input type=\"hidden\" name=\"_wpcf7_locale\" value=\"en_US\" \/><input type=\"hidden\" name=\"_wpcf7_unit_tag\" value=\"wpcf7-f2298-o1\" \/><input type=\"hidden\" name=\"_wpcf7_container_post\" value=\"0\" \/><input type=\"hidden\" name=\"_wpcf7_posted_data_hash\" value=\"\" \/>\n<\/fieldset>\n<div class=\"column one\">\n\t<p><label><span class=\"wpcf7-form-control-wrap\" data-name=\"your-name\"><input size=\"40\" maxlength=\"400\" class=\"wpcf7-form-control wpcf7-text wpcf7-validates-as-required\" aria-required=\"true\" aria-invalid=\"false\" placeholder=\"\u0130sim Soyisim\" value=\"\" type=\"text\" name=\"your-name\" \/><\/span> <\/label>\n\t<\/p>\n<\/div>\n<div class=\"column one\">\n\t<p><label><span class=\"wpcf7-form-control-wrap\" data-name=\"sirket\"><input size=\"40\" maxlength=\"400\" class=\"wpcf7-form-control wpcf7-text\" aria-invalid=\"false\" placeholder=\"Kurum\/\u015eirket Ad\u0131\" value=\"\" type=\"text\" name=\"sirket\" \/><\/span> <\/label>\n\t<\/p>\n<\/div>\n<div class=\"column one-second\">\n\t<p><label style=\"margin-right:10px\"><span class=\"wpcf7-form-control-wrap\" data-name=\"your-email\"><input size=\"40\" maxlength=\"400\" class=\"wpcf7-form-control wpcf7-email wpcf7-validates-as-required wpcf7-text wpcf7-validates-as-email\" aria-required=\"true\" aria-invalid=\"false\" placeholder=\"E-posta\" value=\"\" type=\"email\" name=\"your-email\" \/><\/span><\/label>\n\t<\/p>\n<\/div>\n<div class=\"column one-second\">\n\t<p><label><span class=\"wpcf7-form-control-wrap\" data-name=\"telefon\"><input size=\"40\" maxlength=\"400\" class=\"wpcf7-form-control wpcf7-tel wpcf7-validates-as-required wpcf7-text wpcf7-validates-as-tel\" aria-required=\"true\" aria-invalid=\"false\" placeholder=\"Telefon Numaras\u0131\" value=\"\" type=\"tel\" name=\"telefon\" \/><\/span><\/label>\n\t<\/p>\n<\/div>\n<div class=\"column one\">\n\t<p><input class=\"wpcf7-form-control wpcf7-submit has-spinner\" type=\"submit\" value=\"Katalo\u011fu \u0130ndir\" \/>\n\t<\/p>\n<\/div><div class=\"wpcf7-response-output\" aria-hidden=\"true\"><\/div>\n<\/form>\n<\/div>\n<\/p>\t\t\t\t\t\t<\/div>\n\t\t\t\t<\/div>\n\t\t\t\t\t<\/div>\n\t\t<\/div>\n\t\t\t\t<div class=\"elementor-column elementor-col-50 elementor-top-column elementor-element elementor-element-bb55f9c\" data-id=\"bb55f9c\" data-element_type=\"column\" data-settings=\"{&quot;background_background&quot;:&quot;slideshow&quot;,&quot;background_slideshow_gallery&quot;:[{&quot;id&quot;:2289,&quot;url&quot;:&quot;https:\\\/\\\/viapia.com.tr\\\/wp-content\\\/uploads\\\/2023\\\/02\\\/after-1.png&quot;},{&quot;id&quot;:2234,&quot;url&quot;:&quot;https:\\\/\\\/viapia.com.tr\\\/wp-content\\\/uploads\\\/2023\\\/02\\\/hVcilik.jpg&quot;},{&quot;id&quot;:2218,&quot;url&quot;:&quot;https:\\\/\\\/viapia.com.tr\\\/wp-content\\\/uploads\\\/2023\\\/02\\\/gokbey.jpg&quot;},{&quot;id&quot;:2219,&quot;url&quot;:&quot;https:\\\/\\\/viapia.com.tr\\\/wp-content\\\/uploads\\\/2023\\\/02\\\/akinci.jpg&quot;},{&quot;id&quot;:2222,&quot;url&quot;:&quot;https:\\\/\\\/viapia.com.tr\\\/wp-content\\\/uploads\\\/2023\\\/02\\\/roket.jpg&quot;}],&quot;background_slideshow_slide_duration&quot;:1500,&quot;background_slideshow_loop&quot;:&quot;yes&quot;,&quot;background_slideshow_slide_transition&quot;:&quot;fade&quot;,&quot;background_slideshow_transition_duration&quot;:500}\">\n\t\t\t<div class=\"elementor-widget-wrap\">\n\t\t\t\t\t\t\t<\/div>\n\t\t<\/div>\n\t\t\t\t\t<\/div>\n\t\t<\/section>\n\t\t\t\t<section class=\"elementor-section elementor-top-section elementor-element elementor-element-6e69686 elementor-section-stretched elementor-section-boxed elementor-section-height-default elementor-section-height-default\" data-id=\"6e69686\" data-element_type=\"section\" data-settings=\"{&quot;stretch_section&quot;:&quot;section-stretched&quot;,&quot;background_background&quot;:&quot;classic&quot;}\">\n\t\t\t\t\t\t<div class=\"elementor-container elementor-column-gap-wider\">\n\t\t\t\t\t<div class=\"elementor-column elementor-col-100 elementor-top-column elementor-element elementor-element-ed0c552\" data-id=\"ed0c552\" data-element_type=\"column\">\n\t\t\t<div class=\"elementor-widget-wrap elementor-element-populated\">\n\t\t\t\t\t\t<section class=\"elementor-section elementor-inner-section elementor-element elementor-element-2de2d23 elementor-section-content-middle elementor-section-boxed elementor-section-height-default elementor-section-height-default\" data-id=\"2de2d23\" data-element_type=\"section\">\n\t\t\t\t\t\t<div class=\"elementor-container elementor-column-gap-default\">\n\t\t\t\t\t<div class=\"elementor-column elementor-col-100 elementor-inner-column elementor-element elementor-element-d9a81f4\" data-id=\"d9a81f4\" data-element_type=\"column\">\n\t\t\t<div class=\"elementor-widget-wrap elementor-element-populated\">\n\t\t\t\t\t\t<div class=\"elementor-element elementor-element-bb2c44c elementor-widget elementor-widget-image\" data-id=\"bb2c44c\" data-element_type=\"widget\" data-widget_type=\"image.default\">\n\t\t\t\t<div class=\"elementor-widget-container\">\n\t\t\t<style>\/*! elementor - v3.22.0 - 26-06-2024 *\/\n.elementor-widget-image{text-align:center}.elementor-widget-image a{display:inline-block}.elementor-widget-image a img[src$=\".svg\"]{width:48px}.elementor-widget-image img{vertical-align:middle;display:inline-block}<\/style>\t\t\t\t\t\t\t\t\t\t<img fetchpriority=\"high\" decoding=\"async\" width=\"1917\" height=\"1107\" src=\"https:\/\/viapia.com.tr\/wp-content\/uploads\/2023\/02\/viapia.png\" class=\"attachment-full size-full wp-image-2111\" alt=\"\" srcset=\"https:\/\/viapia.com.tr\/wp-content\/uploads\/2023\/02\/viapia.png 1917w, https:\/\/viapia.com.tr\/wp-content\/uploads\/2023\/02\/viapia-300x173.png 300w, https:\/\/viapia.com.tr\/wp-content\/uploads\/2023\/02\/viapia-1024x591.png 1024w, https:\/\/viapia.com.tr\/wp-content\/uploads\/2023\/02\/viapia-768x443.png 768w, https:\/\/viapia.com.tr\/wp-content\/uploads\/2023\/02\/viapia-1536x887.png 1536w, https:\/\/viapia.com.tr\/wp-content\/uploads\/2023\/02\/viapia-18x10.png 18w, https:\/\/viapia.com.tr\/wp-content\/uploads\/2023\/02\/viapia-253x146.png 253w, https:\/\/viapia.com.tr\/wp-content\/uploads\/2023\/02\/viapia-50x29.png 50w, https:\/\/viapia.com.tr\/wp-content\/uploads\/2023\/02\/viapia-130x75.png 130w\" sizes=\"(max-width: 1917px) 100vw, 1917px\" \/>\t\t\t\t\t\t\t\t\t\t\t\t\t<\/div>\n\t\t\t\t<\/div>\n\t\t\t\t\t<\/div>\n\t\t<\/div>\n\t\t\t\t\t<\/div>\n\t\t<\/section>\n\t\t\t\t\t<\/div>\n\t\t<\/div>\n\t\t\t\t\t<\/div>\n\t\t<\/section>\n\t\t\t\t<\/div>\n\t\t","protected":false},"excerpt":{"rendered":"<p>ViaPia Katalog \u0130stek Formu A\u015fa\u011f\u0131daki formdaki bilgileri l\u00fctfen do\u011fru doldurdu\u011funuzdan emin olunuz.&nbsp; Katalog, yazm\u0131\u015f oldu\u011funuz e-posta adresine g\u00f6nderilecektir.<\/p>","protected":false},"author":1,"featured_media":0,"parent":0,"menu_order":0,"comment_status":"open","ping_status":"closed","template":"","meta":{"footnotes":""},"class_list":["post-2295","page","type-page","status-publish","hentry"],"yoast_head":"<!-- This site is optimized with the Yoast SEO plugin v27.5 - https:\/\/yoast.com\/product\/yoast-seo-wordpress\/ -->\n<title>Katalog - ViaPia<\/title>\n<meta name=\"robots\" content=\"index, follow, max-snippet:-1, max-image-preview:large, max-video-preview:-1\" \/>\n<link rel=\"canonical\" href=\"https:\/\/viapia.com.tr\/en\/katalog\/\" \/>\n<meta property=\"og:locale\" content=\"en_US\" \/>\n<meta property=\"og:type\" content=\"article\" \/>\n<meta property=\"og:title\" content=\"Katalog - ViaPia\" \/>\n<meta property=\"og:description\" content=\"ViaPia Katalog \u0130stek Formu A\u015fa\u011f\u0131daki formdaki bilgileri l\u00fctfen do\u011fru doldurdu\u011funuzdan emin olunuz.&nbsp; Katalog, yazm\u0131\u015f oldu\u011funuz e-posta adresine g\u00f6nderilecektir.\" \/>\n<meta property=\"og:url\" content=\"https:\/\/viapia.com.tr\/en\/katalog\/\" \/>\n<meta property=\"og:site_name\" content=\"ViaPia\" \/>\n<meta property=\"article:publisher\" content=\"https:\/\/tr-tr.facebook.com\/ViaPia3d\/\" \/>\n<meta property=\"article:modified_time\" content=\"2023-09-23T16:12:20+00:00\" \/>\n<meta property=\"og:image\" content=\"https:\/\/viapia.com.tr\/wp-content\/uploads\/2023\/02\/viapia.png\" \/>\n<meta name=\"twitter:card\" content=\"summary_large_image\" \/>\n<meta name=\"twitter:label1\" content=\"Est. reading time\" \/>\n\t<meta name=\"twitter:data1\" content=\"1 minute\" \/>\n<script type=\"application\/ld+json\" class=\"yoast-schema-graph\">{\"@context\":\"https:\\\/\\\/schema.org\",\"@graph\":[{\"@type\":\"WebPage\",\"@id\":\"https:\\\/\\\/viapia.com.tr\\\/katalog\\\/\",\"url\":\"https:\\\/\\\/viapia.com.tr\\\/katalog\\\/\",\"name\":\"Katalog - ViaPia\",\"isPartOf\":{\"@id\":\"https:\\\/\\\/viapia.com.tr\\\/#website\"},\"primaryImageOfPage\":{\"@id\":\"https:\\\/\\\/viapia.com.tr\\\/katalog\\\/#primaryimage\"},\"image\":{\"@id\":\"https:\\\/\\\/viapia.com.tr\\\/katalog\\\/#primaryimage\"},\"thumbnailUrl\":\"https:\\\/\\\/viapia.com.tr\\\/wp-content\\\/uploads\\\/2023\\\/02\\\/viapia.png\",\"datePublished\":\"2023-02-20T14:46:08+00:00\",\"dateModified\":\"2023-09-23T16:12:20+00:00\",\"breadcrumb\":{\"@id\":\"https:\\\/\\\/viapia.com.tr\\\/katalog\\\/#breadcrumb\"},\"inLanguage\":\"en-US\",\"potentialAction\":[{\"@type\":\"ReadAction\",\"target\":[\"https:\\\/\\\/viapia.com.tr\\\/katalog\\\/\"]}]},{\"@type\":\"ImageObject\",\"inLanguage\":\"en-US\",\"@id\":\"https:\\\/\\\/viapia.com.tr\\\/katalog\\\/#primaryimage\",\"url\":\"https:\\\/\\\/viapia.com.tr\\\/wp-content\\\/uploads\\\/2023\\\/02\\\/viapia.png\",\"contentUrl\":\"https:\\\/\\\/viapia.com.tr\\\/wp-content\\\/uploads\\\/2023\\\/02\\\/viapia.png\"},{\"@type\":\"BreadcrumbList\",\"@id\":\"https:\\\/\\\/viapia.com.tr\\\/katalog\\\/#breadcrumb\",\"itemListElement\":[{\"@type\":\"ListItem\",\"position\":1,\"name\":\"Home\",\"item\":\"https:\\\/\\\/viapia.com.tr\\\/\"},{\"@type\":\"ListItem\",\"position\":2,\"name\":\"Katalog\"}]},{\"@type\":\"WebSite\",\"@id\":\"https:\\\/\\\/viapia.com.tr\\\/#website\",\"url\":\"https:\\\/\\\/viapia.com.tr\\\/\",\"name\":\"ViaPia\",\"description\":\"\",\"publisher\":{\"@id\":\"https:\\\/\\\/viapia.com.tr\\\/#organization\"},\"potentialAction\":[{\"@type\":\"SearchAction\",\"target\":{\"@type\":\"EntryPoint\",\"urlTemplate\":\"https:\\\/\\\/viapia.com.tr\\\/?s={search_term_string}\"},\"query-input\":{\"@type\":\"PropertyValueSpecification\",\"valueRequired\":true,\"valueName\":\"search_term_string\"}}],\"inLanguage\":\"en-US\"},{\"@type\":\"Organization\",\"@id\":\"https:\\\/\\\/viapia.com.tr\\\/#organization\",\"name\":\"ViaPia\",\"url\":\"https:\\\/\\\/viapia.com.tr\\\/\",\"logo\":{\"@type\":\"ImageObject\",\"inLanguage\":\"en-US\",\"@id\":\"https:\\\/\\\/viapia.com.tr\\\/#\\\/schema\\\/logo\\\/image\\\/\",\"url\":\"https:\\\/\\\/viapia.com.tr\\\/wp-content\\\/uploads\\\/2023\\\/02\\\/viapia.png\",\"contentUrl\":\"https:\\\/\\\/viapia.com.tr\\\/wp-content\\\/uploads\\\/2023\\\/02\\\/viapia.png\",\"width\":1917,\"height\":1107,\"caption\":\"ViaPia\"},\"image\":{\"@id\":\"https:\\\/\\\/viapia.com.tr\\\/#\\\/schema\\\/logo\\\/image\\\/\"},\"sameAs\":[\"https:\\\/\\\/tr-tr.facebook.com\\\/ViaPia3d\\\/\",\"https:\\\/\\\/www.instagram.com\\\/viapia3dmaket\\\/\"]}]}<\/script>\n<!-- \/ Yoast SEO plugin. -->","yoast_head_json":{"title":"Katalog - ViaPia","robots":{"index":"index","follow":"follow","max-snippet":"max-snippet:-1","max-image-preview":"max-image-preview:large","max-video-preview":"max-video-preview:-1"},"canonical":"https:\/\/viapia.com.tr\/en\/katalog\/","og_locale":"en_US","og_type":"article","og_title":"Katalog - ViaPia","og_description":"ViaPia Katalog \u0130stek Formu A\u015fa\u011f\u0131daki formdaki bilgileri l\u00fctfen do\u011fru doldurdu\u011funuzdan emin olunuz.&nbsp; Katalog, yazm\u0131\u015f oldu\u011funuz e-posta adresine g\u00f6nderilecektir.","og_url":"https:\/\/viapia.com.tr\/en\/katalog\/","og_site_name":"ViaPia","article_publisher":"https:\/\/tr-tr.facebook.com\/ViaPia3d\/","article_modified_time":"2023-09-23T16:12:20+00:00","og_image":[{"url":"https:\/\/viapia.com.tr\/wp-content\/uploads\/2023\/02\/viapia.png","type":"","width":"","height":""}],"twitter_card":"summary_large_image","twitter_misc":{"Est. reading time":"1 minute"},"schema":{"@context":"https:\/\/schema.org","@graph":[{"@type":"WebPage","@id":"https:\/\/viapia.com.tr\/katalog\/","url":"https:\/\/viapia.com.tr\/katalog\/","name":"Katalog - ViaPia","isPartOf":{"@id":"https:\/\/viapia.com.tr\/#website"},"primaryImageOfPage":{"@id":"https:\/\/viapia.com.tr\/katalog\/#primaryimage"},"image":{"@id":"https:\/\/viapia.com.tr\/katalog\/#primaryimage"},"thumbnailUrl":"https:\/\/viapia.com.tr\/wp-content\/uploads\/2023\/02\/viapia.png","datePublished":"2023-02-20T14:46:08+00:00","dateModified":"2023-09-23T16:12:20+00:00","breadcrumb":{"@id":"https:\/\/viapia.com.tr\/katalog\/#breadcrumb"},"inLanguage":"en-US","potentialAction":[{"@type":"ReadAction","target":["https:\/\/viapia.com.tr\/katalog\/"]}]},{"@type":"ImageObject","inLanguage":"en-US","@id":"https:\/\/viapia.com.tr\/katalog\/#primaryimage","url":"https:\/\/viapia.com.tr\/wp-content\/uploads\/2023\/02\/viapia.png","contentUrl":"https:\/\/viapia.com.tr\/wp-content\/uploads\/2023\/02\/viapia.png"},{"@type":"BreadcrumbList","@id":"https:\/\/viapia.com.tr\/katalog\/#breadcrumb","itemListElement":[{"@type":"ListItem","position":1,"name":"Home","item":"https:\/\/viapia.com.tr\/"},{"@type":"ListItem","position":2,"name":"Katalog"}]},{"@type":"WebSite","@id":"https:\/\/viapia.com.tr\/#website","url":"https:\/\/viapia.com.tr\/","name":"ViaPia","description":"","publisher":{"@id":"https:\/\/viapia.com.tr\/#organization"},"potentialAction":[{"@type":"SearchAction","target":{"@type":"EntryPoint","urlTemplate":"https:\/\/viapia.com.tr\/?s={search_term_string}"},"query-input":{"@type":"PropertyValueSpecification","valueRequired":true,"valueName":"search_term_string"}}],"inLanguage":"en-US"},{"@type":"Organization","@id":"https:\/\/viapia.com.tr\/#organization","name":"ViaPia","url":"https:\/\/viapia.com.tr\/","logo":{"@type":"ImageObject","inLanguage":"en-US","@id":"https:\/\/viapia.com.tr\/#\/schema\/logo\/image\/","url":"https:\/\/viapia.com.tr\/wp-content\/uploads\/2023\/02\/viapia.png","contentUrl":"https:\/\/viapia.com.tr\/wp-content\/uploads\/2023\/02\/viapia.png","width":1917,"height":1107,"caption":"ViaPia"},"image":{"@id":"https:\/\/viapia.com.tr\/#\/schema\/logo\/image\/"},"sameAs":["https:\/\/tr-tr.facebook.com\/ViaPia3d\/","https:\/\/www.instagram.com\/viapia3dmaket\/"]}]}},"_links":{"self":[{"href":"https:\/\/viapia.com.tr\/en\/wp-json\/wp\/v2\/pages\/2295","targetHints":{"allow":["GET"]}}],"collection":[{"href":"https:\/\/viapia.com.tr\/en\/wp-json\/wp\/v2\/pages"}],"about":[{"href":"https:\/\/viapia.com.tr\/en\/wp-json\/wp\/v2\/types\/page"}],"author":[{"embeddable":true,"href":"https:\/\/viapia.com.tr\/en\/wp-json\/wp\/v2\/users\/1"}],"replies":[{"embeddable":true,"href":"https:\/\/viapia.com.tr\/en\/wp-json\/wp\/v2\/comments?post=2295"}],"version-history":[{"count":10,"href":"https:\/\/viapia.com.tr\/en\/wp-json\/wp\/v2\/pages\/2295\/revisions"}],"predecessor-version":[{"id":3471,"href":"https:\/\/viapia.com.tr\/en\/wp-json\/wp\/v2\/pages\/2295\/revisions\/3471"}],"wp:attachment":[{"href":"https:\/\/viapia.com.tr\/en\/wp-json\/wp\/v2\/media?parent=2295"}],"curies":[{"name":"wp","href":"https:\/\/api.w.org\/{rel}","templated":true}]}}