{"id":8,"date":"2020-03-18T13:33:28","date_gmt":"2020-03-18T13:33:28","guid":{"rendered":"https:\/\/themes.muffingroup.com\/be\/company6\/?page_id=8"},"modified":"2023-02-24T15:00:18","modified_gmt":"2023-02-24T15:00:18","slug":"portfoyumuz","status":"publish","type":"page","link":"https:\/\/viapia.com.tr\/en\/portfoyumuz\/","title":{"rendered":"Our Portfolio"},"content":{"rendered":"\t\t<div data-elementor-type=\"wp-page\" data-elementor-id=\"8\" class=\"elementor elementor-8\">\n\t\t\t\t\t\t<section class=\"elementor-section elementor-top-section elementor-element elementor-element-5c874a6c elementor-section-stretched elementor-section-boxed elementor-section-height-default elementor-section-height-default\" data-id=\"5c874a6c\" data-element_type=\"section\" data-settings=\"{&quot;stretch_section&quot;:&quot;section-stretched&quot;,&quot;background_background&quot;:&quot;slideshow&quot;,&quot;background_slideshow_gallery&quot;:[{&quot;id&quot;:2469,&quot;url&quot;:&quot;https:\\\/\\\/viapia.com.tr\\\/wp-content\\\/uploads\\\/2023\\\/02\\\/rr4.3.jpg&quot;},{&quot;id&quot;:2470,&quot;url&quot;:&quot;https:\\\/\\\/viapia.com.tr\\\/wp-content\\\/uploads\\\/2023\\\/02\\\/rr4.2.jpg&quot;},{&quot;id&quot;:2471,&quot;url&quot;:&quot;https:\\\/\\\/viapia.com.tr\\\/wp-content\\\/uploads\\\/2023\\\/02\\\/rr4.1.jpg&quot;},{&quot;id&quot;:2539,&quot;url&quot;:&quot;https:\\\/\\\/viapia.com.tr\\\/wp-content\\\/uploads\\\/2023\\\/02\\\/nud40.jpg&quot;}],&quot;background_slideshow_slide_duration&quot;:1300,&quot;background_slideshow_loop&quot;:&quot;yes&quot;,&quot;background_slideshow_slide_transition&quot;:&quot;fade&quot;,&quot;background_slideshow_transition_duration&quot;:500}\">\n\t\t\t\t\t\t\t<div class=\"elementor-background-overlay\"><\/div>\n\t\t\t\t\t\t\t<div class=\"elementor-container elementor-column-gap-wide\">\n\t\t\t\t\t<div class=\"elementor-column elementor-col-100 elementor-top-column elementor-element elementor-element-343f69d\" data-id=\"343f69d\" data-element_type=\"column\">\n\t\t\t<div class=\"elementor-widget-wrap elementor-element-populated\">\n\t\t\t\t\t\t<section class=\"elementor-section elementor-inner-section elementor-element elementor-element-64ec3a06 elementor-section-boxed elementor-section-height-default elementor-section-height-default\" data-id=\"64ec3a06\" data-element_type=\"section\">\n\t\t\t\t\t\t<div class=\"elementor-container elementor-column-gap-default\">\n\t\t\t\t\t<div class=\"elementor-column elementor-col-100 elementor-inner-column elementor-element elementor-element-596f3e42\" data-id=\"596f3e42\" data-element_type=\"column\">\n\t\t\t<div class=\"elementor-widget-wrap elementor-element-populated\">\n\t\t\t\t\t\t<div class=\"elementor-element elementor-element-17fd544 elementor-widget elementor-widget-text-editor\" data-id=\"17fd544\" data-element_type=\"widget\" data-widget_type=\"text-editor.default\">\n\t\t\t\t<div class=\"elementor-widget-container\">\n\t\t\t<style>\/*! elementor - v3.22.0 - 26-06-2024 *\/\n.elementor-widget-text-editor.elementor-drop-cap-view-stacked .elementor-drop-cap{background-color:#69727d;color:#fff}.elementor-widget-text-editor.elementor-drop-cap-view-framed .elementor-drop-cap{color:#69727d;border:3px solid;background-color:transparent}.elementor-widget-text-editor:not(.elementor-drop-cap-view-default) .elementor-drop-cap{margin-top:8px}.elementor-widget-text-editor:not(.elementor-drop-cap-view-default) .elementor-drop-cap-letter{width:1em;height:1em}.elementor-widget-text-editor .elementor-drop-cap{float:left;text-align:center;line-height:1;font-size:50px}.elementor-widget-text-editor .elementor-drop-cap-letter{display:inline-block}<\/style>\t\t\t\t<h1><span style=\"color: #ffffff;\">Portf\u00f6y<\/span><\/h1>\t\t\t\t\t\t<\/div>\n\t\t\t\t<\/div>\n\t\t\t\t\t<\/div>\n\t\t<\/div>\n\t\t\t\t\t<\/div>\n\t\t<\/section>\n\t\t\t\t<div class=\"elementor-element elementor-element-2c38765f elementor-align-center elementor-widget elementor-widget-button\" data-id=\"2c38765f\" data-element_type=\"widget\" data-widget_type=\"button.default\">\n\t\t\t\t<div class=\"elementor-widget-container\">\n\t\t\t\t\t<div class=\"elementor-button-wrapper\">\n\t\t\t<a class=\"elementor-button elementor-button-link elementor-size-sm\" href=\"https:\/\/viapia.com.tr\/katalog\/\">\n\t\t\t\t\t\t<span class=\"elementor-button-content-wrapper\">\n\t\t\t\t\t\t\t\t\t<span class=\"elementor-button-text\">Katalog<\/span>\n\t\t\t\t\t<\/span>\n\t\t\t\t\t<\/a>\n\t\t<\/div>\n\t\t\t\t<\/div>\n\t\t\t\t<\/div>\n\t\t\t\t\t<\/div>\n\t\t<\/div>\n\t\t\t\t\t<\/div>\n\t\t<\/section>\n\t\t\t\t<section class=\"elementor-section elementor-top-section elementor-element elementor-element-4351281 elementor-section-stretched elementor-section-boxed elementor-section-height-default elementor-section-height-default\" data-id=\"4351281\" data-element_type=\"section\" data-settings=\"{&quot;stretch_section&quot;:&quot;section-stretched&quot;}\">\n\t\t\t\t\t\t<div class=\"elementor-container elementor-column-gap-wider\">\n\t\t\t\t\t<div class=\"elementor-column elementor-col-100 elementor-top-column elementor-element elementor-element-55806b9\" data-id=\"55806b9\" data-element_type=\"column\">\n\t\t\t<div class=\"elementor-widget-wrap elementor-element-populated\">\n\t\t\t\t\t\t<div class=\"elementor-element elementor-element-0095102 elementor-widget elementor-widget-spacer\" data-id=\"0095102\" data-element_type=\"widget\" data-widget_type=\"spacer.default\">\n\t\t\t\t<div class=\"elementor-widget-container\">\n\t\t\t<style>\/*! elementor - v3.22.0 - 26-06-2024 *\/\n.elementor-column .elementor-spacer-inner{height:var(--spacer-size)}.e-con{--container-widget-width:100%}.e-con-inner>.elementor-widget-spacer,.e-con>.elementor-widget-spacer{width:var(--container-widget-width,var(--spacer-size));--align-self:var(--container-widget-align-self,initial);--flex-shrink:0}.e-con-inner>.elementor-widget-spacer>.elementor-widget-container,.e-con>.elementor-widget-spacer>.elementor-widget-container{height:100%;width:100%}.e-con-inner>.elementor-widget-spacer>.elementor-widget-container>.elementor-spacer,.e-con>.elementor-widget-spacer>.elementor-widget-container>.elementor-spacer{height:100%}.e-con-inner>.elementor-widget-spacer>.elementor-widget-container>.elementor-spacer>.elementor-spacer-inner,.e-con>.elementor-widget-spacer>.elementor-widget-container>.elementor-spacer>.elementor-spacer-inner{height:var(--container-widget-height,var(--spacer-size))}.e-con-inner>.elementor-widget-spacer.elementor-widget-empty,.e-con>.elementor-widget-spacer.elementor-widget-empty{position:relative;min-height:22px;min-width:22px}.e-con-inner>.elementor-widget-spacer.elementor-widget-empty .elementor-widget-empty-icon,.e-con>.elementor-widget-spacer.elementor-widget-empty .elementor-widget-empty-icon{position:absolute;top:0;bottom:0;left:0;right:0;margin:auto;padding:0;width:22px;height:22px}<\/style>\t\t<div class=\"elementor-spacer\">\n\t\t\t<div class=\"elementor-spacer-inner\"><\/div>\n\t\t<\/div>\n\t\t\t\t<\/div>\n\t\t\t\t<\/div>\n\t\t\t\t\t<\/div>\n\t\t<\/div>\n\t\t\t\t\t<\/div>\n\t\t<\/section>\n\t\t\t\t<\/div>\n\t\t","protected":false},"excerpt":{"rendered":"<p>Portf\u00f6y Katalog<\/p>","protected":false},"author":1,"featured_media":0,"parent":0,"menu_order":0,"comment_status":"open","ping_status":"closed","template":"template-portfolio.php","meta":{"footnotes":""},"class_list":["post-8","page","type-page","status-publish","hentry"],"yoast_head":"<!-- This site is optimized with the Yoast SEO plugin v27.5 - https:\/\/yoast.com\/product\/yoast-seo-wordpress\/ -->\n<title>Portf\u00f6y\u00fcm\u00fcz - ViaPia<\/title>\n<meta name=\"robots\" content=\"index, follow, max-snippet:-1, max-image-preview:large, max-video-preview:-1\" \/>\n<link rel=\"canonical\" href=\"https:\/\/viapia.com.tr\/en\/portfoyumuz\/\" \/>\n<meta property=\"og:locale\" content=\"en_US\" \/>\n<meta property=\"og:type\" content=\"article\" \/>\n<meta property=\"og:title\" content=\"Portf\u00f6y\u00fcm\u00fcz - ViaPia\" \/>\n<meta property=\"og:description\" content=\"Portf\u00f6y Katalog\" \/>\n<meta property=\"og:url\" content=\"https:\/\/viapia.com.tr\/en\/portfoyumuz\/\" \/>\n<meta property=\"og:site_name\" content=\"ViaPia\" \/>\n<meta property=\"article:publisher\" content=\"https:\/\/tr-tr.facebook.com\/ViaPia3d\/\" \/>\n<meta property=\"article:modified_time\" content=\"2023-02-24T15:00:18+00:00\" \/>\n<meta property=\"og:image\" content=\"https:\/\/viapia.com.tr\/wp-content\/uploads\/2023\/02\/viapia.png\" \/>\n\t<meta property=\"og:image:width\" content=\"1917\" \/>\n\t<meta property=\"og:image:height\" content=\"1107\" \/>\n\t<meta property=\"og:image:type\" content=\"image\/png\" \/>\n<meta name=\"twitter:card\" content=\"summary_large_image\" \/>\n<script type=\"application\/ld+json\" class=\"yoast-schema-graph\">{\"@context\":\"https:\\\/\\\/schema.org\",\"@graph\":[{\"@type\":\"WebPage\",\"@id\":\"https:\\\/\\\/viapia.com.tr\\\/portfoyumuz\\\/\",\"url\":\"https:\\\/\\\/viapia.com.tr\\\/portfoyumuz\\\/\",\"name\":\"Portf\u00f6y\u00fcm\u00fcz - ViaPia\",\"isPartOf\":{\"@id\":\"https:\\\/\\\/viapia.com.tr\\\/#website\"},\"datePublished\":\"2020-03-18T13:33:28+00:00\",\"dateModified\":\"2023-02-24T15:00:18+00:00\",\"breadcrumb\":{\"@id\":\"https:\\\/\\\/viapia.com.tr\\\/portfoyumuz\\\/#breadcrumb\"},\"inLanguage\":\"en-US\",\"potentialAction\":[{\"@type\":\"ReadAction\",\"target\":[\"https:\\\/\\\/viapia.com.tr\\\/portfoyumuz\\\/\"]}]},{\"@type\":\"BreadcrumbList\",\"@id\":\"https:\\\/\\\/viapia.com.tr\\\/portfoyumuz\\\/#breadcrumb\",\"itemListElement\":[{\"@type\":\"ListItem\",\"position\":1,\"name\":\"Home\",\"item\":\"https:\\\/\\\/viapia.com.tr\\\/\"},{\"@type\":\"ListItem\",\"position\":2,\"name\":\"Portf\u00f6y\u00fcm\u00fcz\"}]},{\"@type\":\"WebSite\",\"@id\":\"https:\\\/\\\/viapia.com.tr\\\/#website\",\"url\":\"https:\\\/\\\/viapia.com.tr\\\/\",\"name\":\"ViaPia\",\"description\":\"\",\"publisher\":{\"@id\":\"https:\\\/\\\/viapia.com.tr\\\/#organization\"},\"potentialAction\":[{\"@type\":\"SearchAction\",\"target\":{\"@type\":\"EntryPoint\",\"urlTemplate\":\"https:\\\/\\\/viapia.com.tr\\\/?s={search_term_string}\"},\"query-input\":{\"@type\":\"PropertyValueSpecification\",\"valueRequired\":true,\"valueName\":\"search_term_string\"}}],\"inLanguage\":\"en-US\"},{\"@type\":\"Organization\",\"@id\":\"https:\\\/\\\/viapia.com.tr\\\/#organization\",\"name\":\"ViaPia\",\"url\":\"https:\\\/\\\/viapia.com.tr\\\/\",\"logo\":{\"@type\":\"ImageObject\",\"inLanguage\":\"en-US\",\"@id\":\"https:\\\/\\\/viapia.com.tr\\\/#\\\/schema\\\/logo\\\/image\\\/\",\"url\":\"https:\\\/\\\/viapia.com.tr\\\/wp-content\\\/uploads\\\/2023\\\/02\\\/viapia.png\",\"contentUrl\":\"https:\\\/\\\/viapia.com.tr\\\/wp-content\\\/uploads\\\/2023\\\/02\\\/viapia.png\",\"width\":1917,\"height\":1107,\"caption\":\"ViaPia\"},\"image\":{\"@id\":\"https:\\\/\\\/viapia.com.tr\\\/#\\\/schema\\\/logo\\\/image\\\/\"},\"sameAs\":[\"https:\\\/\\\/tr-tr.facebook.com\\\/ViaPia3d\\\/\",\"https:\\\/\\\/www.instagram.com\\\/viapia3dmaket\\\/\"]}]}<\/script>\n<!-- \/ Yoast SEO plugin. -->","yoast_head_json":{"title":"Portf\u00f6y\u00fcm\u00fcz - ViaPia","robots":{"index":"index","follow":"follow","max-snippet":"max-snippet:-1","max-image-preview":"max-image-preview:large","max-video-preview":"max-video-preview:-1"},"canonical":"https:\/\/viapia.com.tr\/en\/portfoyumuz\/","og_locale":"en_US","og_type":"article","og_title":"Portf\u00f6y\u00fcm\u00fcz - ViaPia","og_description":"Portf\u00f6y Katalog","og_url":"https:\/\/viapia.com.tr\/en\/portfoyumuz\/","og_site_name":"ViaPia","article_publisher":"https:\/\/tr-tr.facebook.com\/ViaPia3d\/","article_modified_time":"2023-02-24T15:00:18+00:00","og_image":[{"width":1917,"height":1107,"url":"https:\/\/viapia.com.tr\/wp-content\/uploads\/2023\/02\/viapia.png","type":"image\/png"}],"twitter_card":"summary_large_image","schema":{"@context":"https:\/\/schema.org","@graph":[{"@type":"WebPage","@id":"https:\/\/viapia.com.tr\/portfoyumuz\/","url":"https:\/\/viapia.com.tr\/portfoyumuz\/","name":"Portf\u00f6y\u00fcm\u00fcz - ViaPia","isPartOf":{"@id":"https:\/\/viapia.com.tr\/#website"},"datePublished":"2020-03-18T13:33:28+00:00","dateModified":"2023-02-24T15:00:18+00:00","breadcrumb":{"@id":"https:\/\/viapia.com.tr\/portfoyumuz\/#breadcrumb"},"inLanguage":"en-US","potentialAction":[{"@type":"ReadAction","target":["https:\/\/viapia.com.tr\/portfoyumuz\/"]}]},{"@type":"BreadcrumbList","@id":"https:\/\/viapia.com.tr\/portfoyumuz\/#breadcrumb","itemListElement":[{"@type":"ListItem","position":1,"name":"Home","item":"https:\/\/viapia.com.tr\/"},{"@type":"ListItem","position":2,"name":"Portf\u00f6y\u00fcm\u00fcz"}]},{"@type":"WebSite","@id":"https:\/\/viapia.com.tr\/#website","url":"https:\/\/viapia.com.tr\/","name":"ViaPia","description":"","publisher":{"@id":"https:\/\/viapia.com.tr\/#organization"},"potentialAction":[{"@type":"SearchAction","target":{"@type":"EntryPoint","urlTemplate":"https:\/\/viapia.com.tr\/?s={search_term_string}"},"query-input":{"@type":"PropertyValueSpecification","valueRequired":true,"valueName":"search_term_string"}}],"inLanguage":"en-US"},{"@type":"Organization","@id":"https:\/\/viapia.com.tr\/#organization","name":"ViaPia","url":"https:\/\/viapia.com.tr\/","logo":{"@type":"ImageObject","inLanguage":"en-US","@id":"https:\/\/viapia.com.tr\/#\/schema\/logo\/image\/","url":"https:\/\/viapia.com.tr\/wp-content\/uploads\/2023\/02\/viapia.png","contentUrl":"https:\/\/viapia.com.tr\/wp-content\/uploads\/2023\/02\/viapia.png","width":1917,"height":1107,"caption":"ViaPia"},"image":{"@id":"https:\/\/viapia.com.tr\/#\/schema\/logo\/image\/"},"sameAs":["https:\/\/tr-tr.facebook.com\/ViaPia3d\/","https:\/\/www.instagram.com\/viapia3dmaket\/"]}]}},"_links":{"self":[{"href":"https:\/\/viapia.com.tr\/en\/wp-json\/wp\/v2\/pages\/8","targetHints":{"allow":["GET"]}}],"collection":[{"href":"https:\/\/viapia.com.tr\/en\/wp-json\/wp\/v2\/pages"}],"about":[{"href":"https:\/\/viapia.com.tr\/en\/wp-json\/wp\/v2\/types\/page"}],"author":[{"embeddable":true,"href":"https:\/\/viapia.com.tr\/en\/wp-json\/wp\/v2\/users\/1"}],"replies":[{"embeddable":true,"href":"https:\/\/viapia.com.tr\/en\/wp-json\/wp\/v2\/comments?post=8"}],"version-history":[{"count":11,"href":"https:\/\/viapia.com.tr\/en\/wp-json\/wp\/v2\/pages\/8\/revisions"}],"predecessor-version":[{"id":3232,"href":"https:\/\/viapia.com.tr\/en\/wp-json\/wp\/v2\/pages\/8\/revisions\/3232"}],"wp:attachment":[{"href":"https:\/\/viapia.com.tr\/en\/wp-json\/wp\/v2\/media?parent=8"}],"curies":[{"name":"wp","href":"https:\/\/api.w.org\/{rel}","templated":true}]}}